{"id":299,"date":"2025-01-17T14:50:58","date_gmt":"2025-01-17T14:50:58","guid":{"rendered":"https:\/\/sispack.com.br\/livro\/?page_id=299"},"modified":"2025-01-20T23:12:30","modified_gmt":"2025-01-20T23:12:30","slug":"devolver-um-produto","status":"publish","type":"page","link":"https:\/\/sispack.com.br\/livro\/devolver-um-produto\/","title":{"rendered":"Pol\u00edtica de Troca e Devolu\u00e7\u00e3o"},"content":{"rendered":"\t\t<div data-elementor-type=\"wp-page\" data-elementor-id=\"299\" class=\"elementor elementor-299\" data-elementor-post-type=\"page\">\n\t\t\t\t\t\t<section class=\"elementor-section elementor-top-section elementor-element elementor-element-6883c906 elementor-section-boxed elementor-section-height-default elementor-section-height-default\" data-id=\"6883c906\" data-element_type=\"section\">\n\t\t\t\t\t\t<div class=\"elementor-container elementor-column-gap-default\">\n\t\t\t\t\t<div class=\"elementor-column elementor-col-100 elementor-top-column elementor-element elementor-element-64030abe\" data-id=\"64030abe\" data-element_type=\"column\">\n\t\t\t<div class=\"elementor-widget-wrap elementor-element-populated\">\n\t\t\t\t\t\t<div class=\"elementor-element elementor-element-33d9f15f elementor-widget elementor-widget-heading\" data-id=\"33d9f15f\" data-element_type=\"widget\" data-widget_type=\"heading.default\">\n\t\t\t\t<div class=\"elementor-widget-container\">\n\t\t\t\t\t<h2 class=\"elementor-heading-title elementor-size-default\">Pol\u00edtica de Troca e Devolu\u00e7\u00e3o<\/h2>\t\t\t\t<\/div>\n\t\t\t\t<\/div>\n\t\t\t\t\t<\/div>\n\t\t<\/div>\n\t\t\t\t\t<\/div>\n\t\t<\/section>\n\t\t\t\t<section class=\"elementor-section elementor-top-section elementor-element elementor-element-7e60f76d elementor-section-boxed elementor-section-height-default elementor-section-height-default\" data-id=\"7e60f76d\" data-element_type=\"section\" data-settings=\"{&quot;background_background&quot;:&quot;classic&quot;}\">\n\t\t\t\t\t\t<div class=\"elementor-container elementor-column-gap-default\">\n\t\t\t\t\t<div class=\"elementor-column elementor-col-100 elementor-top-column elementor-element elementor-element-7e8f3bb1\" data-id=\"7e8f3bb1\" data-element_type=\"column\">\n\t\t\t<div class=\"elementor-widget-wrap elementor-element-populated\">\n\t\t\t\t\t\t<div class=\"elementor-element elementor-element-651d69f elementor-widget elementor-widget-text-editor\" data-id=\"651d69f\" data-element_type=\"widget\" data-widget_type=\"text-editor.default\">\n\t\t\t\t<div class=\"elementor-widget-container\">\n\t\t\t\t\t\t\t\t\t<p><span style=\"font-weight: 400;\">A Sispack em seu site <\/span><a href=\"http:\/\/www.sispack.com.br\/livro\"><span style=\"font-weight: 400;\">www.sispack.com.br\/livro<\/span><\/a><span style=\"font-weight: 400;\"> oferece uma pol\u00edtica de troca e devolu\u00e7\u00e3o conforme o C\u00f3digo de Defesa do Consumidor, visando garantir seus direitos.<\/span><\/p><ol><li style=\"font-weight: 400;\" aria-level=\"1\"><b>Cancelamento de Pedido<\/b><b><br \/><\/b><span style=\"font-weight: 400;\">Para cancelar um pedido antes da emiss\u00e3o da Nota Fiscal e envio, entre em contato rapidamente por nossos canais de atendimento.<br \/><br \/><\/span><\/li><li aria-level=\"1\"><b>Desist\u00eancia (Direito de Arrependimento)<\/b><b><br \/><\/b><span style=\"font-weight: 400;\">O cliente tem at\u00e9 7 dias ap\u00f3s o recebimento do produto para desistir da compra, desde que o item esteja em perfeito estado. Recomendamos cuidado no manuseio dos produtos caso n\u00e3o tenha certeza da compra.<br \/><br \/><\/span><\/li><li aria-level=\"1\"><b>Troca por Erro ou Pedido Incorreto<\/b><b><br \/><\/b><span style=\"font-weight: 400;\">Se o produto recebido n\u00e3o corresponder ao pedido, voc\u00ea pode troc\u00e1-lo dentro de 7 dias ap\u00f3s o recebimento.<br \/><br \/><\/span><\/li><li aria-level=\"1\"><b>Troca por Defeito de Fabrica\u00e7\u00e3o<\/b><b><br \/><\/b><span style=\"font-weight: 400;\">Produtos com defeito de fabrica\u00e7\u00e3o podem ser trocados at\u00e9 30 dias ap\u00f3s o recebimento, desde que o defeito seja comprovado e o item esteja dispon\u00edvel para substitui\u00e7\u00e3o.<br \/><br \/><\/span><\/li><li aria-level=\"1\"><b>Procedimento de Troca ou Devolu\u00e7\u00e3o<\/b><ul><li style=\"font-weight: 400;\" aria-level=\"2\"><b>Passo 1:<\/b><span style=\"font-weight: 400;\"> Envie um e-mail para <\/span><a href=\"mailto:sac@sispack.com.br\"><span style=\"font-weight: 400;\">sac@sispack.com.br<\/span><\/a><span style=\"font-weight: 400;\"> com n\u00famero do pedido, t\u00edtulo do livro, motivo da devolu\u00e7\u00e3o\/troca, nome, e telefone.<\/span><\/li><li style=\"font-weight: 400;\" aria-level=\"2\"><b>Passo 2:<\/b><span style=\"font-weight: 400;\"> A Sispack confirmar\u00e1 a solicita\u00e7\u00e3o e fornecer\u00e1 instru\u00e7\u00f5es para envio.<\/span><\/li><li style=\"font-weight: 400;\" aria-level=\"2\"><b>Passo 3:<\/b><span style=\"font-weight: 400;\"> Envie o produto de volta, com a Nota Fiscal preenchida no verso (dados banc\u00e1rios para reembolso via boleto\/dep\u00f3sito). Utilize a modalidade <\/span><b>Impresso Normal com Registro M\u00f3dico<\/b><span style=\"font-weight: 400;\"> para envio via Correios (n\u00e3o aceitamos Sedex ou PAC).<\/span><\/li><li style=\"font-weight: 400;\" aria-level=\"2\"><b>Passo 4:<\/b><span style=\"font-weight: 400;\"> Ap\u00f3s o recebimento, a equipe analisar\u00e1 o produto e, se aprovado, confirmar\u00e1 a troca ou devolu\u00e7\u00e3o em at\u00e9 3 dias \u00fateis.<\/span><\/li><li style=\"font-weight: 400;\" aria-level=\"2\"><b>Passo 5:<\/b><span style=\"font-weight: 400;\"> O frete de devolu\u00e7\u00e3o ser\u00e1 reembolsado, e a troca ou reembolso do valor ser\u00e1 realizado conforme o pagamento.<br \/><br \/><\/span><\/li><\/ul><\/li><li><b>Reembolso de Valores<\/b><ul><li style=\"font-weight: 400;\" aria-level=\"2\"><b>Cart\u00e3o de Cr\u00e9dito:<\/b><span style=\"font-weight: 400;\"> Estorno em at\u00e9 2 faturas subsequentes.<\/span><\/li><li style=\"font-weight: 400;\" aria-level=\"2\"><b>Boleto\/Dep\u00f3sito Banc\u00e1rio:<\/b><span style=\"font-weight: 400;\"> Dep\u00f3sito na conta informada em at\u00e9 7 dias \u00fateis. N\u00e3o fazemos reembolso em contas de terceiros.<br \/><br \/><br \/><\/span><\/li><\/ul><\/li><\/ol><p><b>Endere\u00e7o para Envio:<\/b><b><br \/><\/b><span style=\"font-weight: 400;\"> R. Doze de Setembro, 1173 &#8211; Vila Guilherme, S\u00e3o Paulo &#8211; SP, 02052-001<\/span><\/p><p><span style=\"font-weight: 400;\">Em caso de d\u00favidas, entre em contato conosco!<\/span><\/p>\t\t\t\t\t\t\t\t<\/div>\n\t\t\t\t<\/div>\n\t\t\t\t\t<\/div>\n\t\t<\/div>\n\t\t\t\t\t<\/div>\n\t\t<\/section>\n\t\t\t\t<\/div>\n\t\t","protected":false},"excerpt":{"rendered":"<p>Pol\u00edtica de Troca e Devolu\u00e7\u00e3o A Sispack em seu site www.sispack.com.br\/livro oferece uma pol\u00edtica de troca e devolu\u00e7\u00e3o conforme o C\u00f3digo de Defesa do Consumidor, visando garantir seus direitos. Cancelamento de PedidoPara cancelar um pedido antes da emiss\u00e3o da Nota Fiscal e envio, entre em contato rapidamente por nossos canais de atendimento. Desist\u00eancia (Direito de [&hellip;]<\/p>\n","protected":false},"author":1,"featured_media":0,"parent":0,"menu_order":0,"comment_status":"closed","ping_status":"closed","template":"elementor_header_footer","meta":{"footnotes":""},"class_list":["post-299","page","type-page","status-publish","hentry"],"_links":{"self":[{"href":"https:\/\/sispack.com.br\/livro\/wp-json\/wp\/v2\/pages\/299","targetHints":{"allow":["GET"]}}],"collection":[{"href":"https:\/\/sispack.com.br\/livro\/wp-json\/wp\/v2\/pages"}],"about":[{"href":"https:\/\/sispack.com.br\/livro\/wp-json\/wp\/v2\/types\/page"}],"author":[{"embeddable":true,"href":"https:\/\/sispack.com.br\/livro\/wp-json\/wp\/v2\/users\/1"}],"replies":[{"embeddable":true,"href":"https:\/\/sispack.com.br\/livro\/wp-json\/wp\/v2\/comments?post=299"}],"version-history":[{"count":10,"href":"https:\/\/sispack.com.br\/livro\/wp-json\/wp\/v2\/pages\/299\/revisions"}],"predecessor-version":[{"id":438,"href":"https:\/\/sispack.com.br\/livro\/wp-json\/wp\/v2\/pages\/299\/revisions\/438"}],"wp:attachment":[{"href":"https:\/\/sispack.com.br\/livro\/wp-json\/wp\/v2\/media?parent=299"}],"curies":[{"name":"wp","href":"https:\/\/api.w.org\/{rel}","templated":true}]}}