{"id":296,"date":"2025-01-17T14:47:03","date_gmt":"2025-01-17T14:47:03","guid":{"rendered":"https:\/\/sispack.com.br\/livro\/?page_id=296"},"modified":"2025-01-20T22:59:03","modified_gmt":"2025-01-20T22:59:03","slug":"politica-de-cookies","status":"publish","type":"page","link":"https:\/\/sispack.com.br\/livro\/politica-de-cookies\/","title":{"rendered":"Pol\u00edtica de Cookies"},"content":{"rendered":"\t\t<div data-elementor-type=\"wp-page\" data-elementor-id=\"296\" class=\"elementor elementor-296\" data-elementor-post-type=\"page\">\n\t\t\t\t\t\t<section class=\"elementor-section elementor-top-section elementor-element elementor-element-6883c906 elementor-section-boxed elementor-section-height-default elementor-section-height-default\" data-id=\"6883c906\" data-element_type=\"section\">\n\t\t\t\t\t\t<div class=\"elementor-container elementor-column-gap-default\">\n\t\t\t\t\t<div class=\"elementor-column elementor-col-100 elementor-top-column elementor-element elementor-element-64030abe\" data-id=\"64030abe\" data-element_type=\"column\">\n\t\t\t<div class=\"elementor-widget-wrap elementor-element-populated\">\n\t\t\t\t\t\t<div class=\"elementor-element elementor-element-33d9f15f elementor-widget elementor-widget-heading\" data-id=\"33d9f15f\" data-element_type=\"widget\" data-widget_type=\"heading.default\">\n\t\t\t\t<div class=\"elementor-widget-container\">\n\t\t\t\t\t<h2 class=\"elementor-heading-title elementor-size-default\">pol\u00edtica de cookies<\/h2>\t\t\t\t<\/div>\n\t\t\t\t<\/div>\n\t\t\t\t\t<\/div>\n\t\t<\/div>\n\t\t\t\t\t<\/div>\n\t\t<\/section>\n\t\t\t\t<section class=\"elementor-section elementor-top-section elementor-element elementor-element-7e60f76d elementor-section-boxed elementor-section-height-default elementor-section-height-default\" data-id=\"7e60f76d\" data-element_type=\"section\" data-settings=\"{&quot;background_background&quot;:&quot;classic&quot;}\">\n\t\t\t\t\t\t<div class=\"elementor-container elementor-column-gap-default\">\n\t\t\t\t\t<div class=\"elementor-column elementor-col-100 elementor-top-column elementor-element elementor-element-7e8f3bb1\" data-id=\"7e8f3bb1\" data-element_type=\"column\">\n\t\t\t<div class=\"elementor-widget-wrap elementor-element-populated\">\n\t\t\t\t\t\t<div class=\"elementor-element elementor-element-6f5ed10 elementor-widget elementor-widget-text-editor\" data-id=\"6f5ed10\" data-element_type=\"widget\" data-widget_type=\"text-editor.default\">\n\t\t\t\t<div class=\"elementor-widget-container\">\n\t\t\t\t\t\t\t\t\t<p><span style=\"font-weight: 400;\">Data: 20\/01\/2025<\/span><\/p><p><span style=\"font-weight: 400;\">Esta Pol\u00edtica de Cookies descreve como o site\u00a0 <\/span><a href=\"http:\/\/www.sispack.com.br\/livro\"><span style=\"font-weight: 400;\">www.sispack.com.br\/livro<\/span><\/a><span style=\"font-weight: 400;\"> utiliza cookies e tecnologias semelhantes em nosso site para melhorar a experi\u00eancia de navega\u00e7\u00e3o, oferecer conte\u00fados personalizados e garantir o funcionamento adequado da loja online.<\/span><\/p><p><span style=\"font-weight: 400;\">\u00a0<\/span><\/p><p><b>O que s\u00e3o cookies?<\/b><b><br \/><\/b><span style=\"font-weight: 400;\">Cookies s\u00e3o pequenos arquivos de texto armazenados no seu dispositivo quando voc\u00ea visita um site. Eles permitem que o site se lembre de informa\u00e7\u00f5es sobre sua visita, como prefer\u00eancias de navega\u00e7\u00e3o e login, facilitando sua experi\u00eancia em futuras visitas.<\/span><\/p><p><span style=\"font-weight: 400;\">\u00a0<\/span><\/p><p><b>Quais cookies utilizamos?<\/b><\/p><ol><li style=\"font-weight: 400;\" aria-level=\"1\"><b>Cookies Necess\u00e1rios<\/b><b><br \/><\/b><span style=\"font-weight: 400;\">Esses cookies s\u00e3o essenciais para o funcionamento b\u00e1sico do site e permitem a navega\u00e7\u00e3o nas p\u00e1ginas, adi\u00e7\u00e3o de produtos ao carrinho de compras e finaliza\u00e7\u00e3o de pedidos. Sem esses cookies, nosso site n\u00e3o funcionaria corretamente.<\/span><\/li><li style=\"font-weight: 400;\" aria-level=\"1\"><b>Cookies de Desempenho<\/b><b><br \/><\/b><span style=\"font-weight: 400;\">Utilizamos cookies para coletar informa\u00e7\u00f5es sobre como os visitantes usam o site, como p\u00e1ginas acessadas, tempo de navega\u00e7\u00e3o, e poss\u00edveis erros. Essas informa\u00e7\u00f5es ajudam a melhorar o desempenho do nosso site, tornando-o mais eficiente e agrad\u00e1vel.<\/span><\/li><li style=\"font-weight: 400;\" aria-level=\"1\"><b>Cookies Funcionais<\/b><b><br \/><\/b><span style=\"font-weight: 400;\">Esses cookies permitem que o site se lembre das escolhas feitas pelo usu\u00e1rio (como o idioma ou a regi\u00e3o) para oferecer uma experi\u00eancia mais personalizada. Eles tamb\u00e9m podem ser usados para lembrar os itens no seu carrinho de compras durante a navega\u00e7\u00e3o.<\/span><\/li><li style=\"font-weight: 400;\" aria-level=\"1\"><b>Cookies de Publicidade<\/b><b><br \/><\/b><span style=\"font-weight: 400;\">Usamos cookies de publicidade para exibir an\u00fancios personalizados, com base no seu comportamento de navega\u00e7\u00e3o. Esses cookies podem ser usados para limitar o n\u00famero de vezes que um an\u00fancio \u00e9 mostrado ou para medir a efic\u00e1cia de campanhas publicit\u00e1rias.<\/span><\/li><li style=\"font-weight: 400;\" aria-level=\"1\"><b>Cookies de An\u00e1lise<\/b><b><br \/><\/b><span style=\"font-weight: 400;\">Esses cookies coletam informa\u00e7\u00f5es sobre como voc\u00ea interage com o site, como p\u00e1ginas visitadas e links clicados. Usamos essas informa\u00e7\u00f5es para melhorar a estrutura e o conte\u00fado do site.<\/span><\/li><\/ol><p>\u00a0<\/p><p><b>Como controlar os cookies?<\/b><b><br \/><\/b><span style=\"font-weight: 400;\">Voc\u00ea pode controlar e\/ou excluir os cookies a qualquer momento, ajustando as configura\u00e7\u00f5es do seu navegador. No entanto, ao desativar certos cookies, algumas funcionalidades do site podem ser limitadas, afetando sua experi\u00eancia de compra.<\/span><\/p><ul><li style=\"font-weight: 400;\" aria-level=\"1\"><b>Google Chrome:<\/b><span style=\"font-weight: 400;\"> Acesse &#8220;Configura\u00e7\u00f5es&#8221; &gt; &#8220;Privacidade e seguran\u00e7a&#8221; &gt; &#8220;Cookies e outros dados do site&#8221;.<\/span><\/li><li style=\"font-weight: 400;\" aria-level=\"1\"><b>Mozilla Firefox:<\/b><span style=\"font-weight: 400;\"> Acesse &#8220;Op\u00e7\u00f5es&#8221; &gt; &#8220;Privacidade e Seguran\u00e7a&#8221; &gt; &#8220;Cookies e Dados do Site&#8221;.<\/span><\/li><li style=\"font-weight: 400;\" aria-level=\"1\"><b>Safari:<\/b><span style=\"font-weight: 400;\"> Acesse &#8220;Prefer\u00eancias&#8221; &gt; &#8220;Privacidade&#8221; &gt; &#8220;Cookies e dados dos sites&#8221;.<\/span><\/li><\/ul><p>\u00a0<\/p><p><b>Consentimento<\/b><b><br \/><\/b><span style=\"font-weight: 400;\">Ao continuar navegando em nosso site, voc\u00ea concorda com o uso de cookies conforme descrito nesta pol\u00edtica. Se voc\u00ea n\u00e3o concorda, pode desativar os cookies ou deixar de usar nosso site.<\/span><\/p><p><b><br \/><br \/>Altera\u00e7\u00f5es nesta Pol\u00edtica de Cookies<\/b><b><br \/><\/b><span style=\"font-weight: 400;\">Podemos atualizar esta pol\u00edtica periodicamente para refletir mudan\u00e7as em como utilizamos os cookies. Quaisquer altera\u00e7\u00f5es ser\u00e3o publicadas nesta p\u00e1gina, e a data da \u00faltima atualiza\u00e7\u00e3o ser\u00e1 indicada no topo da pol\u00edtica.<\/span><\/p><p><b><br \/><br \/>D\u00favidas<\/b><b><br \/><\/b><span style=\"font-weight: 400;\">Se tiver alguma d\u00favida sobre nossa Pol\u00edtica de Cookies, entre em contato conosco atrav\u00e9s do nosso canal de atendimento.<\/span><\/p><p>\u00a0<\/p><h5><strong>Cookies\u00a0<\/strong><\/h5><p><span style=\"font-weight: 400;\">A Sispack utiliza cookies e outras tecnologias semelhantes para melhorar a sua experi\u00eancia, de acordo com a nossa Pol\u00edtica de Privacidade e Termos de Uso. Ao continuar navegando ou ao enviar mensagens para a empresa, voc\u00ea concorda com estas condi\u00e7\u00f5es.<\/span><\/p>\t\t\t\t\t\t\t\t<\/div>\n\t\t\t\t<\/div>\n\t\t\t\t\t<\/div>\n\t\t<\/div>\n\t\t\t\t\t<\/div>\n\t\t<\/section>\n\t\t\t\t<\/div>\n\t\t","protected":false},"excerpt":{"rendered":"<p>pol\u00edtica de cookies Data: 20\/01\/2025 Esta Pol\u00edtica de Cookies descreve como o site\u00a0 www.sispack.com.br\/livro utiliza cookies e tecnologias semelhantes em nosso site para melhorar a experi\u00eancia de navega\u00e7\u00e3o, oferecer conte\u00fados personalizados e garantir o funcionamento adequado da loja online. \u00a0 O que s\u00e3o cookies?Cookies s\u00e3o pequenos arquivos de texto armazenados no seu dispositivo quando voc\u00ea [&hellip;]<\/p>\n","protected":false},"author":1,"featured_media":0,"parent":0,"menu_order":0,"comment_status":"closed","ping_status":"closed","template":"elementor_header_footer","meta":{"footnotes":""},"class_list":["post-296","page","type-page","status-publish","hentry"],"_links":{"self":[{"href":"https:\/\/sispack.com.br\/livro\/wp-json\/wp\/v2\/pages\/296","targetHints":{"allow":["GET"]}}],"collection":[{"href":"https:\/\/sispack.com.br\/livro\/wp-json\/wp\/v2\/pages"}],"about":[{"href":"https:\/\/sispack.com.br\/livro\/wp-json\/wp\/v2\/types\/page"}],"author":[{"embeddable":true,"href":"https:\/\/sispack.com.br\/livro\/wp-json\/wp\/v2\/users\/1"}],"replies":[{"embeddable":true,"href":"https:\/\/sispack.com.br\/livro\/wp-json\/wp\/v2\/comments?post=296"}],"version-history":[{"count":19,"href":"https:\/\/sispack.com.br\/livro\/wp-json\/wp\/v2\/pages\/296\/revisions"}],"predecessor-version":[{"id":421,"href":"https:\/\/sispack.com.br\/livro\/wp-json\/wp\/v2\/pages\/296\/revisions\/421"}],"wp:attachment":[{"href":"https:\/\/sispack.com.br\/livro\/wp-json\/wp\/v2\/media?parent=296"}],"curies":[{"name":"wp","href":"https:\/\/api.w.org\/{rel}","templated":true}]}}