{"id":285,"date":"2025-01-16T19:59:49","date_gmt":"2025-01-16T19:59:49","guid":{"rendered":"https:\/\/sispack.com.br\/livro\/?page_id=285"},"modified":"2025-01-20T23:02:21","modified_gmt":"2025-01-20T23:02:21","slug":"politica-de-privacidade","status":"publish","type":"page","link":"https:\/\/sispack.com.br\/livro\/politica-de-privacidade\/","title":{"rendered":"Pol\u00edtica de Privacidade"},"content":{"rendered":"\t\t<div data-elementor-type=\"wp-page\" data-elementor-id=\"285\" class=\"elementor elementor-285\" data-elementor-post-type=\"page\">\n\t\t\t\t\t\t<section class=\"elementor-section elementor-top-section elementor-element elementor-element-6883c906 elementor-section-boxed elementor-section-height-default elementor-section-height-default\" data-id=\"6883c906\" data-element_type=\"section\">\n\t\t\t\t\t\t<div class=\"elementor-container elementor-column-gap-default\">\n\t\t\t\t\t<div class=\"elementor-column elementor-col-100 elementor-top-column elementor-element elementor-element-64030abe\" data-id=\"64030abe\" data-element_type=\"column\">\n\t\t\t<div class=\"elementor-widget-wrap elementor-element-populated\">\n\t\t\t\t\t\t<div class=\"elementor-element elementor-element-33d9f15f elementor-widget elementor-widget-heading\" data-id=\"33d9f15f\" data-element_type=\"widget\" data-widget_type=\"heading.default\">\n\t\t\t\t<div class=\"elementor-widget-container\">\n\t\t\t\t\t<h2 class=\"elementor-heading-title elementor-size-default\">Pol\u00edtica de Privacidade<\/h2>\t\t\t\t<\/div>\n\t\t\t\t<\/div>\n\t\t\t\t\t<\/div>\n\t\t<\/div>\n\t\t\t\t\t<\/div>\n\t\t<\/section>\n\t\t\t\t<section class=\"elementor-section elementor-top-section elementor-element elementor-element-7e60f76d elementor-section-boxed elementor-section-height-default elementor-section-height-default\" data-id=\"7e60f76d\" data-element_type=\"section\" data-settings=\"{&quot;background_background&quot;:&quot;classic&quot;}\">\n\t\t\t\t\t\t<div class=\"elementor-container elementor-column-gap-default\">\n\t\t\t\t\t<div class=\"elementor-column elementor-col-100 elementor-top-column elementor-element elementor-element-7e8f3bb1\" data-id=\"7e8f3bb1\" data-element_type=\"column\">\n\t\t\t<div class=\"elementor-widget-wrap elementor-element-populated\">\n\t\t\t\t\t\t<div class=\"elementor-element elementor-element-0d1d883 elementor-widget elementor-widget-text-editor\" data-id=\"0d1d883\" data-element_type=\"widget\" data-widget_type=\"text-editor.default\">\n\t\t\t\t<div class=\"elementor-widget-container\">\n\t\t\t\t\t\t\t\t\t<p><span style=\"font-weight: 400;\">Esta Pol\u00edtica de Privacidade descreve como as informa\u00e7\u00f5es pessoais s\u00e3o coletadas, usadas, protegidas e compartilhadas quando voc\u00ea visita nosso site www.sispack.com.br\/livro. Esta pol\u00edtica se aplica a todas as informa\u00e7\u00f5es coletadas atrav\u00e9s do site.<\/span><\/p><p>\u00a0<\/p><ol><li><strong> Informa\u00e7\u00f5es que coletamos<\/strong><\/li><\/ol><p><span style=\"font-weight: 400;\">Quando voc\u00ea visita o site, coletamos automaticamente determinadas informa\u00e7\u00f5es sobre o seu dispositivo, incluindo:<\/span><\/p><p><span style=\"font-weight: 400;\">&#8211; Endere\u00e7o IP;<\/span><\/p><p><span style=\"font-weight: 400;\">&#8211; Tipo de navegador;<\/span><\/p><p><span style=\"font-weight: 400;\">&#8211; Fuso hor\u00e1rio;<\/span><\/p><p><span style=\"font-weight: 400;\">&#8211; Cookies que est\u00e3o instalados no seu dispositivo;<\/span><\/p><p><span style=\"font-weight: 400;\">&#8211; P\u00e1ginas individuais que voc\u00ea visualiza;<\/span><\/p><p><span style=\"font-weight: 400;\">&#8211; Sites ou termos de pesquisa que o encaminharam para o site;<\/span><\/p><p><span style=\"font-weight: 400;\">&#8211; Informa\u00e7\u00f5es sobre como voc\u00ea interage com o site.<\/span><\/p><p>\u00a0<\/p><ol start=\"2\"><li><strong> Cookies<\/strong><\/li><\/ol><p><span style=\"font-weight: 400;\">Utilizamos cookies para melhorar a experi\u00eancia do usu\u00e1rio em nosso site. Os cookies s\u00e3o arquivos de texto colocados no seu computador para coletar informa\u00e7\u00f5es padr\u00e3o de registro da Internet e informa\u00e7\u00f5es de comportamento do visitante. Essas informa\u00e7\u00f5es s\u00e3o usadas para rastrear o uso do site e compilar relat\u00f3rios estat\u00edsticos sobre a atividade do site.<\/span><\/p><p><span style=\"font-weight: 400;\">Voc\u00ea pode configurar o seu navegador para recusar todos ou alguns cookies do navegador ou para alert\u00e1-lo quando os sites configurarem ou acessarem cookies. Se voc\u00ea desativar ou recusar esses cookies, observe que algumas partes deste site podem se tornar inacess\u00edveis ou n\u00e3o funcionar corretamente.<\/span><\/p><p>\u00a0<\/p><ol start=\"3\"><li><strong> Como usamos suas informa\u00e7\u00f5es pessoais<\/strong><\/li><\/ol><p><span style=\"font-weight: 400;\">Usamos as informa\u00e7\u00f5es coletadas para:<\/span><\/p><p><span style=\"font-weight: 400;\">&#8211; Personalizar sua experi\u00eancia e oferecer conte\u00fado e publicidade mais relevantes;<\/span><\/p><p><span style=\"font-weight: 400;\">&#8211; Analisar o desempenho do site e entender como os usu\u00e1rios interagem com ele;<\/span><\/p><p><span style=\"font-weight: 400;\">&#8211; Melhorar nossos produtos, servi\u00e7os e estrat\u00e9gias de marketing;<\/span><\/p><p><span style=\"font-weight: 400;\">&#8211; Prevenir fraudes e proteger a seguran\u00e7a do site e de nossos usu\u00e1rios.<\/span><\/p><p>\u00a0<\/p><ol start=\"4\"><li><strong> Compartilhamento de informa\u00e7\u00f5es<\/strong><\/li><\/ol><p><span style=\"font-weight: 400;\">N\u00e3o compartilhamos suas informa\u00e7\u00f5es pessoais com terceiros, exceto quando necess\u00e1rio para cumprir as leis e regulamentos aplic\u00e1veis, responder a intima\u00e7\u00f5es judiciais ou outras solicita\u00e7\u00f5es legais de informa\u00e7\u00f5es que recebemos, ou proteger os nossos direitos de outra forma.<\/span><\/p><p>\u00a0<\/p><ol start=\"5\"><li><strong> Seus direitos<\/strong><\/li><\/ol><p><span style=\"font-weight: 400;\">Se voc\u00ea \u00e9 um residente europeu, tem o direito de acessar suas informa\u00e7\u00f5es pessoais e solicitar que sejam corrigidas, atualizadas ou exclu\u00eddas. Se desejar exercer esse direito, entre em contato conosco atrav\u00e9s das informa\u00e7\u00f5es fornecidas no item 8 deste documento.<\/span><\/p><p>\u00a0<\/p><ol start=\"6\"><li><strong> Seguran\u00e7a de dados<\/strong><\/li><\/ol><p><span style=\"font-weight: 400;\">Implementamos medidas de seguran\u00e7a adequadas para proteger suas informa\u00e7\u00f5es pessoais contra acesso n\u00e3o autorizado, altera\u00e7\u00e3o, divulga\u00e7\u00e3o ou destrui\u00e7\u00e3o n\u00e3o autorizada.<\/span><\/p><p>\u00a0<\/p><ol start=\"7\"><li><strong> Altera\u00e7\u00f5es nesta Pol\u00edtica de Privacidade<\/strong><\/li><\/ol><p><span style=\"font-weight: 400;\">Reservamo-nos o direito de atualizar esta Pol\u00edtica de Privacidade periodicamente para refletir altera\u00e7\u00f5es nas pr\u00e1ticas de informa\u00e7\u00f5es. Recomendamos que voc\u00ea revise esta pol\u00edtica regularmente para se manter informado sobre como protegemos as informa\u00e7\u00f5es pessoais que coletamos. A data da \u00faltima atualiza\u00e7\u00e3o ser\u00e1 indicada no topo desta p\u00e1gina.<\/span><\/p><p>\u00a0<\/p><ol start=\"8\"><li><strong> Entre em contato conosco<\/strong><\/li><\/ol><p><span style=\"font-weight: 400;\">Se voc\u00ea tiver d\u00favidas sobre esta Pol\u00edtica de Privacidade, entre em contato conosco atrav\u00e9s do seguinte endere\u00e7o de e-mail: sac@sispack.com.br<\/span><\/p><p>\u00a0<\/p><p><strong>Esta Pol\u00edtica de Privacidade foi atualizada pela \u00faltima vez em 20\/01\/2025.<\/strong><\/p>\t\t\t\t\t\t\t\t<\/div>\n\t\t\t\t<\/div>\n\t\t\t\t\t<\/div>\n\t\t<\/div>\n\t\t\t\t\t<\/div>\n\t\t<\/section>\n\t\t\t\t<\/div>\n\t\t","protected":false},"excerpt":{"rendered":"<p>Pol\u00edtica de Privacidade Esta Pol\u00edtica de Privacidade descreve como as informa\u00e7\u00f5es pessoais s\u00e3o coletadas, usadas, protegidas e compartilhadas quando voc\u00ea visita nosso site www.sispack.com.br\/livro. Esta pol\u00edtica se aplica a todas as informa\u00e7\u00f5es coletadas atrav\u00e9s do site. \u00a0 Informa\u00e7\u00f5es que coletamos Quando voc\u00ea visita o site, coletamos automaticamente determinadas informa\u00e7\u00f5es sobre o seu dispositivo, incluindo: &#8211; [&hellip;]<\/p>\n","protected":false},"author":1,"featured_media":0,"parent":0,"menu_order":0,"comment_status":"closed","ping_status":"closed","template":"elementor_header_footer","meta":{"footnotes":""},"class_list":["post-285","page","type-page","status-publish","hentry"],"_links":{"self":[{"href":"https:\/\/sispack.com.br\/livro\/wp-json\/wp\/v2\/pages\/285","targetHints":{"allow":["GET"]}}],"collection":[{"href":"https:\/\/sispack.com.br\/livro\/wp-json\/wp\/v2\/pages"}],"about":[{"href":"https:\/\/sispack.com.br\/livro\/wp-json\/wp\/v2\/types\/page"}],"author":[{"embeddable":true,"href":"https:\/\/sispack.com.br\/livro\/wp-json\/wp\/v2\/users\/1"}],"replies":[{"embeddable":true,"href":"https:\/\/sispack.com.br\/livro\/wp-json\/wp\/v2\/comments?post=285"}],"version-history":[{"count":10,"href":"https:\/\/sispack.com.br\/livro\/wp-json\/wp\/v2\/pages\/285\/revisions"}],"predecessor-version":[{"id":424,"href":"https:\/\/sispack.com.br\/livro\/wp-json\/wp\/v2\/pages\/285\/revisions\/424"}],"wp:attachment":[{"href":"https:\/\/sispack.com.br\/livro\/wp-json\/wp\/v2\/media?parent=285"}],"curies":[{"name":"wp","href":"https:\/\/api.w.org\/{rel}","templated":true}]}}